{"id":87,"date":"2019-05-15T15:06:06","date_gmt":"2019-05-15T15:06:06","guid":{"rendered":"http:\/\/plastikeimer.packstar.ch\/?page_id=87"},"modified":"2020-03-09T11:37:59","modified_gmt":"2020-03-09T11:37:59","slug":"plastikeimerfr","status":"publish","type":"page","link":"http:\/\/plastikeimer.packstar.ch\/fr\/","title":{"rendered":"plastikeimer"},"content":{"rendered":"\t\t<div data-elementor-type=\"wp-post\" data-elementor-id=\"87\" class=\"elementor elementor-87 elementor-2\" data-elementor-settings=\"[]\">\n\t\t\t\t\t\t<div class=\"elementor-inner\">\n\t\t\t\t\t\t\t<div class=\"elementor-section-wrap\">\n\t\t\t\t\t\t\t<section class=\"elementor-section elementor-top-section elementor-element elementor-element-eb90a63 elementor-section-boxed elementor-section-height-default elementor-section-height-default\" data-id=\"eb90a63\" data-element_type=\"section\">\n\t\t\t\t\t\t<div class=\"elementor-container elementor-column-gap-default\">\n\t\t\t\t\t\t\t<div class=\"elementor-row\">\n\t\t\t\t\t<div class=\"elementor-column elementor-col-100 elementor-top-column elementor-element elementor-element-97ff2f3\" data-id=\"97ff2f3\" data-element_type=\"column\">\n\t\t\t<div class=\"elementor-column-wrap elementor-element-populated\">\n\t\t\t\t\t\t\t<div class=\"elementor-widget-wrap\">\n\t\t\t\t\t\t<div class=\"elementor-element elementor-element-95dea3d elementor-widget elementor-widget-heading\" data-id=\"95dea3d\" data-element_type=\"widget\" data-widget_type=\"heading.default\">\n\t\t\t\t<div class=\"elementor-widget-container\">\n\t\t\t<h1 class=\"elementor-heading-title elementor-size-default\">Produits et repr\u00e9sentations de l'usine suisse<\/h1>\t\t<\/div>\n\t\t\t\t<\/div>\n\t\t\t\t<section class=\"elementor-section elementor-inner-section elementor-element elementor-element-26e2944 elementor-section-full_width elementor-section-height-default elementor-section-height-default\" data-id=\"26e2944\" data-element_type=\"section\">\n\t\t\t\t\t\t<div class=\"elementor-container elementor-column-gap-default\">\n\t\t\t\t\t\t\t<div class=\"elementor-row\">\n\t\t\t\t\t<div class=\"elementor-column elementor-col-33 elementor-inner-column elementor-element elementor-element-f0d8b28\" data-id=\"f0d8b28\" data-element_type=\"column\">\n\t\t\t<div class=\"elementor-column-wrap elementor-element-populated\">\n\t\t\t\t\t\t\t<div class=\"elementor-widget-wrap\">\n\t\t\t\t\t\t<div class=\"elementor-element elementor-element-68d2657 elementor-cta--layout-image-right elementor-cta--skin-classic elementor-animated-content elementor-bg-transform elementor-bg-transform-zoom-in elementor-widget elementor-widget-call-to-action\" data-id=\"68d2657\" data-element_type=\"widget\" data-widget_type=\"call-to-action.default\">\n\t\t\t\t<div class=\"elementor-widget-container\">\n\t\t\t\t\t<a href=\"https:\/\/www.packstar.ch\/Seau\/?language=fr\" target=\"_blank\" class=\"elementor-cta\">\n\t\t\t\t\t<div class=\"elementor-cta__bg-wrapper\">\n\t\t\t\t<div class=\"elementor-cta__bg elementor-bg\" style=\"background-image: url(http:\/\/plastikeimer.packstar.ch\/wp-content\/uploads\/Jokey_Kachel-1024x528.jpg);\"><\/div>\n\t\t\t\t<div class=\"elementor-cta__bg-overlay\"><\/div>\n\t\t\t<\/div>\n\t\t\t\t\t\t\t<div class=\"elementor-cta__content\">\n\t\t\t\t\n\t\t\t\t\t\t\t\t\t<h2 class=\"elementor-cta__title elementor-cta__content-item elementor-content-item\">\n\t\t\t\t\t\tJokey Plastik SE\t\t\t\t\t<\/h2>\n\t\t\t\t\n\t\t\t\t\n\t\t\t\t\t\t\t<\/div>\n\t\t\t\t\t\t<\/a>\n\t\t\t\t<\/div>\n\t\t\t\t<\/div>\n\t\t\t\t\t\t<\/div>\n\t\t\t\t\t<\/div>\n\t\t<\/div>\n\t\t\t\t<div class=\"elementor-column elementor-col-33 elementor-inner-column elementor-element elementor-element-9d611a0\" data-id=\"9d611a0\" data-element_type=\"column\">\n\t\t\t<div class=\"elementor-column-wrap elementor-element-populated\">\n\t\t\t\t\t\t\t<div class=\"elementor-widget-wrap\">\n\t\t\t\t\t\t<div class=\"elementor-element elementor-element-14d6edc elementor-cta--layout-image-right elementor-cta--skin-classic elementor-animated-content elementor-bg-transform elementor-bg-transform-zoom-in elementor-widget elementor-widget-call-to-action\" data-id=\"14d6edc\" data-element_type=\"widget\" data-widget_type=\"call-to-action.default\">\n\t\t\t\t<div class=\"elementor-widget-container\">\n\t\t\t\t\t<a href=\"https:\/\/www.packstar.ch\/Bidons--bidons-bleu-et-nature\/?language=fr\" target=\"_blank\" class=\"elementor-cta\">\n\t\t\t\t\t<div class=\"elementor-cta__bg-wrapper\">\n\t\t\t\t<div class=\"elementor-cta__bg elementor-bg\" style=\"background-image: url(http:\/\/plastikeimer.packstar.ch\/wp-content\/uploads\/Gruppe_Kanister.jpg);\"><\/div>\n\t\t\t\t<div class=\"elementor-cta__bg-overlay\"><\/div>\n\t\t\t<\/div>\n\t\t\t\t\t\t\t<div class=\"elementor-cta__content\">\n\t\t\t\t\n\t\t\t\t\t\t\t\t\t<h2 class=\"elementor-cta__title elementor-cta__content-item elementor-content-item\">\n\t\t\t\t\t\tAST Kunststoffverarbeitung GmbH\t\t\t\t\t<\/h2>\n\t\t\t\t\n\t\t\t\t\n\t\t\t\t\t\t\t<\/div>\n\t\t\t\t\t\t<\/a>\n\t\t\t\t<\/div>\n\t\t\t\t<\/div>\n\t\t\t\t\t\t<\/div>\n\t\t\t\t\t<\/div>\n\t\t<\/div>\n\t\t\t\t<div class=\"elementor-column elementor-col-33 elementor-inner-column elementor-element elementor-element-d2afc2b\" data-id=\"d2afc2b\" data-element_type=\"column\">\n\t\t\t<div class=\"elementor-column-wrap elementor-element-populated\">\n\t\t\t\t\t\t\t<div class=\"elementor-widget-wrap\">\n\t\t\t\t\t\t<div class=\"elementor-element elementor-element-b855b2f elementor-cta--layout-image-right elementor-cta--skin-classic elementor-animated-content elementor-bg-transform elementor-bg-transform-zoom-in elementor-widget elementor-widget-call-to-action\" data-id=\"b855b2f\" data-element_type=\"widget\" data-widget_type=\"call-to-action.default\">\n\t\t\t\t<div class=\"elementor-widget-container\">\n\t\t\t\t\t<a href=\"https:\/\/www.packstar.ch\/Bouteille-en-aluminium--bidon-aluminium\/?language=fr\" target=\"_blank\" class=\"elementor-cta\">\n\t\t\t\t\t<div class=\"elementor-cta__bg-wrapper\">\n\t\t\t\t<div class=\"elementor-cta__bg elementor-bg\" style=\"background-image: url(http:\/\/plastikeimer.packstar.ch\/wp-content\/uploads\/gamme-parfumerie-bd.jpg);\"><\/div>\n\t\t\t\t<div class=\"elementor-cta__bg-overlay\"><\/div>\n\t\t\t<\/div>\n\t\t\t\t\t\t\t<div class=\"elementor-cta__content\">\n\t\t\t\t\n\t\t\t\t\t\t\t\t\t<h2 class=\"elementor-cta__title elementor-cta__content-item elementor-content-item\">\n\t\t\t\t\t\tTournaire SA\t\t\t\t\t<\/h2>\n\t\t\t\t\n\t\t\t\t\n\t\t\t\t\t\t\t<\/div>\n\t\t\t\t\t\t<\/a>\n\t\t\t\t<\/div>\n\t\t\t\t<\/div>\n\t\t\t\t\t\t<\/div>\n\t\t\t\t\t<\/div>\n\t\t<\/div>\n\t\t\t\t\t\t\t\t<\/div>\n\t\t\t\t\t<\/div>\n\t\t<\/section>\n\t\t\t\t<div class=\"elementor-element elementor-element-7278fa3 elementor-widget elementor-widget-heading\" data-id=\"7278fa3\" data-element_type=\"widget\" data-widget_type=\"heading.default\">\n\t\t\t\t<div class=\"elementor-widget-container\">\n\t\t\t<h2 class=\"elementor-heading-title elementor-size-default\">Service<\/h2>\t\t<\/div>\n\t\t\t\t<\/div>\n\t\t\t\t<div class=\"elementor-element elementor-element-b466c2f elementor-icon-list--layout-traditional elementor-list-item-link-full_width elementor-widget elementor-widget-icon-list\" data-id=\"b466c2f\" data-element_type=\"widget\" data-widget_type=\"icon-list.default\">\n\t\t\t\t<div class=\"elementor-widget-container\">\n\t\t\t\t\t<ul class=\"elementor-icon-list-items\">\n\t\t\t\t\t\t\t<li class=\"elementor-icon-list-item\">\n\t\t\t\t\t\t\t\t\t\t\t<span class=\"elementor-icon-list-icon\">\n\t\t\t\t\t\t\t<i aria-hidden=\"true\" class=\"far fa-check-circle\"><\/i>\t\t\t\t\t\t<\/span>\n\t\t\t\t\t\t\t\t\t\t<span class=\"elementor-icon-list-text\">Seaux, bo\u00eetes, bacs, bidons, f\u00fbts et bouteilles en aluminium des leaders du march\u00e9 en Europe<\/span>\n\t\t\t\t\t\t\t\t\t<\/li>\n\t\t\t\t\t\t\t\t<li class=\"elementor-icon-list-item\">\n\t\t\t\t\t\t\t\t\t\t\t<span class=\"elementor-icon-list-icon\">\n\t\t\t\t\t\t\t<i aria-hidden=\"true\" class=\"far fa-check-circle\"><\/i>\t\t\t\t\t\t<\/span>\n\t\t\t\t\t\t\t\t\t\t<span class=\"elementor-icon-list-text\">Livraisons \u00e0 partir de 1 pi\u00e8ce sous 24h<\/span>\n\t\t\t\t\t\t\t\t\t<\/li>\n\t\t\t\t\t\t\t\t<li class=\"elementor-icon-list-item\">\n\t\t\t\t\t\t\t\t\t\t\t<span class=\"elementor-icon-list-icon\">\n\t\t\t\t\t\t\t<i aria-hidden=\"true\" class=\"far fa-check-circle\"><\/i>\t\t\t\t\t\t<\/span>\n\t\t\t\t\t\t\t\t\t\t<span class=\"elementor-icon-list-text\">Quantit\u00e9s en vrac aux conditions d'usine du fabricant<\/span>\n\t\t\t\t\t\t\t\t\t<\/li>\n\t\t\t\t\t\t\t\t<li class=\"elementor-icon-list-item\">\n\t\t\t\t\t\t\t\t\t\t\t<span class=\"elementor-icon-list-icon\">\n\t\t\t\t\t\t\t<i aria-hidden=\"true\" class=\"far fa-check-circle\"><\/i>\t\t\t\t\t\t<\/span>\n\t\t\t\t\t\t\t\t\t\t<span class=\"elementor-icon-list-text\">Service d\u2019impression : nous sommes votre partenaire pour la production de seaux avec l'impression.<\/span>\n\t\t\t\t\t\t\t\t\t<\/li>\n\t\t\t\t\t\t\t\t<li class=\"elementor-icon-list-item\">\n\t\t\t\t\t\t\t\t\t\t\t<span class=\"elementor-icon-list-icon\">\n\t\t\t\t\t\t\t<i aria-hidden=\"true\" class=\"far fa-check-circle\"><\/i>\t\t\t\t\t\t<\/span>\n\t\t\t\t\t\t\t\t\t\t<span class=\"elementor-icon-list-text\">Conseil et accompagnement de projet dans le domaine de l'emballage<\/span>\n\t\t\t\t\t\t\t\t\t<\/li>\n\t\t\t\t\t\t<\/ul>\n\t\t\t\t<\/div>\n\t\t\t\t<\/div>\n\t\t\t\t\t\t<\/div>\n\t\t\t\t\t<\/div>\n\t\t<\/div>\n\t\t\t\t\t\t\t\t<\/div>\n\t\t\t\t\t<\/div>\n\t\t<\/section>\n\t\t\t\t\t\t<\/div>\n\t\t\t\t\t\t<\/div>\n\t\t\t\t\t<\/div>\n\t\t","protected":false},"excerpt":{"rendered":"<p>Produits et repr\u00e9sentations de l&rsquo;usine suisse Jokey Plastik SE AST Kunststoffverarbeitung GmbH Tournaire SA Service Seaux, bo\u00eetes, bacs, bidons, f\u00fbts et bouteilles en aluminium des leaders du march\u00e9 en Europe Livraisons \u00e0 partir de 1 pi\u00e8ce sous 24h Quantit\u00e9s en vrac aux conditions d&rsquo;usine du fabricant Service d\u2019impression : nous sommes votre partenaire pour la &#8230; <a title=\"plastikeimer\" class=\"read-more\" href=\"http:\/\/plastikeimer.packstar.ch\/fr\/\" aria-label=\"More on plastikeimer\">Read more<\/a><\/p>\n","protected":false},"author":1,"featured_media":0,"parent":0,"menu_order":0,"comment_status":"closed","ping_status":"open","template":"","meta":[],"yoast_head":"<!-- This site is optimized with the Yoast SEO plugin v18.1 - https:\/\/yoast.com\/wordpress\/plugins\/seo\/ -->\n<title>plastikeimer - packstar.ch - Verpackungen von Packstar<\/title>\n<meta name=\"robots\" content=\"index, follow, max-snippet:-1, max-image-preview:large, max-video-preview:-1\" \/>\n<link rel=\"canonical\" href=\"http:\/\/plastikeimer.packstar.ch\/fr\/\" \/>\n<meta property=\"og:locale\" content=\"fr_FR\" \/>\n<meta property=\"og:type\" content=\"article\" \/>\n<meta property=\"og:title\" content=\"plastikeimer - packstar.ch - Verpackungen von Packstar\" \/>\n<meta property=\"og:description\" content=\"Produits et repr\u00e9sentations de l&rsquo;usine suisse Jokey Plastik SE AST Kunststoffverarbeitung GmbH Tournaire SA Service Seaux, bo\u00eetes, bacs, bidons, f\u00fbts et bouteilles en aluminium des leaders du march\u00e9 en Europe Livraisons \u00e0 partir de 1 pi\u00e8ce sous 24h Quantit\u00e9s en vrac aux conditions d&rsquo;usine du fabricant Service d\u2019impression : nous sommes votre partenaire pour la ... Read more\" \/>\n<meta property=\"og:url\" content=\"http:\/\/plastikeimer.packstar.ch\/fr\/\" \/>\n<meta property=\"og:site_name\" content=\"packstar.ch - Verpackungen von Packstar\" \/>\n<meta property=\"article:modified_time\" content=\"2020-03-09T11:37:59+00:00\" \/>\n<meta name=\"twitter:card\" content=\"summary_large_image\" \/>\n<script type=\"application\/ld+json\" class=\"yoast-schema-graph\">{\"@context\":\"https:\/\/schema.org\",\"@graph\":[{\"@type\":\"WebSite\",\"@id\":\"http:\/\/plastikeimer.packstar.ch\/de\/#website\",\"url\":\"http:\/\/plastikeimer.packstar.ch\/de\/\",\"name\":\"packstar.ch - Verpackungen von Packstar\",\"description\":\"\",\"potentialAction\":[{\"@type\":\"SearchAction\",\"target\":{\"@type\":\"EntryPoint\",\"urlTemplate\":\"http:\/\/plastikeimer.packstar.ch\/de\/?s={search_term_string}\"},\"query-input\":\"required name=search_term_string\"}],\"inLanguage\":\"fr-FR\"},{\"@type\":\"WebPage\",\"@id\":\"http:\/\/plastikeimer.packstar.ch\/fr\/#webpage\",\"url\":\"http:\/\/plastikeimer.packstar.ch\/fr\/\",\"name\":\"plastikeimer - packstar.ch - Verpackungen von Packstar\",\"isPartOf\":{\"@id\":\"http:\/\/plastikeimer.packstar.ch\/de\/#website\"},\"datePublished\":\"2019-05-15T15:06:06+00:00\",\"dateModified\":\"2020-03-09T11:37:59+00:00\",\"breadcrumb\":{\"@id\":\"http:\/\/plastikeimer.packstar.ch\/fr\/#breadcrumb\"},\"inLanguage\":\"fr-FR\",\"potentialAction\":[{\"@type\":\"ReadAction\",\"target\":[\"http:\/\/plastikeimer.packstar.ch\/fr\/\"]}]},{\"@type\":\"BreadcrumbList\",\"@id\":\"http:\/\/plastikeimer.packstar.ch\/fr\/#breadcrumb\",\"itemListElement\":[{\"@type\":\"ListItem\",\"position\":1,\"name\":\"Home\",\"item\":\"http:\/\/plastikeimer.packstar.ch\/fr\/\"},{\"@type\":\"ListItem\",\"position\":2,\"name\":\"plastikeimer\"}]}]}<\/script>\n<!-- \/ Yoast SEO plugin. -->","yoast_head_json":{"title":"plastikeimer - packstar.ch - Verpackungen von Packstar","robots":{"index":"index","follow":"follow","max-snippet":"max-snippet:-1","max-image-preview":"max-image-preview:large","max-video-preview":"max-video-preview:-1"},"canonical":"http:\/\/plastikeimer.packstar.ch\/fr\/","og_locale":"fr_FR","og_type":"article","og_title":"plastikeimer - packstar.ch - Verpackungen von Packstar","og_description":"Produits et repr\u00e9sentations de l&rsquo;usine suisse Jokey Plastik SE AST Kunststoffverarbeitung GmbH Tournaire SA Service Seaux, bo\u00eetes, bacs, bidons, f\u00fbts et bouteilles en aluminium des leaders du march\u00e9 en Europe Livraisons \u00e0 partir de 1 pi\u00e8ce sous 24h Quantit\u00e9s en vrac aux conditions d&rsquo;usine du fabricant Service d\u2019impression : nous sommes votre partenaire pour la ... Read more","og_url":"http:\/\/plastikeimer.packstar.ch\/fr\/","og_site_name":"packstar.ch - Verpackungen von Packstar","article_modified_time":"2020-03-09T11:37:59+00:00","twitter_card":"summary_large_image","schema":{"@context":"https:\/\/schema.org","@graph":[{"@type":"WebSite","@id":"http:\/\/plastikeimer.packstar.ch\/de\/#website","url":"http:\/\/plastikeimer.packstar.ch\/de\/","name":"packstar.ch - Verpackungen von Packstar","description":"","potentialAction":[{"@type":"SearchAction","target":{"@type":"EntryPoint","urlTemplate":"http:\/\/plastikeimer.packstar.ch\/de\/?s={search_term_string}"},"query-input":"required name=search_term_string"}],"inLanguage":"fr-FR"},{"@type":"WebPage","@id":"http:\/\/plastikeimer.packstar.ch\/fr\/#webpage","url":"http:\/\/plastikeimer.packstar.ch\/fr\/","name":"plastikeimer - packstar.ch - Verpackungen von Packstar","isPartOf":{"@id":"http:\/\/plastikeimer.packstar.ch\/de\/#website"},"datePublished":"2019-05-15T15:06:06+00:00","dateModified":"2020-03-09T11:37:59+00:00","breadcrumb":{"@id":"http:\/\/plastikeimer.packstar.ch\/fr\/#breadcrumb"},"inLanguage":"fr-FR","potentialAction":[{"@type":"ReadAction","target":["http:\/\/plastikeimer.packstar.ch\/fr\/"]}]},{"@type":"BreadcrumbList","@id":"http:\/\/plastikeimer.packstar.ch\/fr\/#breadcrumb","itemListElement":[{"@type":"ListItem","position":1,"name":"Home","item":"http:\/\/plastikeimer.packstar.ch\/fr\/"},{"@type":"ListItem","position":2,"name":"plastikeimer"}]}]}},"_links":{"self":[{"href":"http:\/\/plastikeimer.packstar.ch\/fr\/wp-json\/wp\/v2\/pages\/87"}],"collection":[{"href":"http:\/\/plastikeimer.packstar.ch\/fr\/wp-json\/wp\/v2\/pages"}],"about":[{"href":"http:\/\/plastikeimer.packstar.ch\/fr\/wp-json\/wp\/v2\/types\/page"}],"author":[{"embeddable":true,"href":"http:\/\/plastikeimer.packstar.ch\/fr\/wp-json\/wp\/v2\/users\/1"}],"replies":[{"embeddable":true,"href":"http:\/\/plastikeimer.packstar.ch\/fr\/wp-json\/wp\/v2\/comments?post=87"}],"version-history":[{"count":7,"href":"http:\/\/plastikeimer.packstar.ch\/fr\/wp-json\/wp\/v2\/pages\/87\/revisions"}],"predecessor-version":[{"id":327,"href":"http:\/\/plastikeimer.packstar.ch\/fr\/wp-json\/wp\/v2\/pages\/87\/revisions\/327"}],"wp:attachment":[{"href":"http:\/\/plastikeimer.packstar.ch\/fr\/wp-json\/wp\/v2\/media?parent=87"}],"curies":[{"name":"wp","href":"https:\/\/api.w.org\/{rel}","templated":true}]}}