{"id":16,"date":"2019-04-01T13:34:49","date_gmt":"2019-04-01T13:34:49","guid":{"rendered":"http:\/\/plastikeimer.packstar.ch\/?page_id=16"},"modified":"2020-03-10T13:53:00","modified_gmt":"2020-03-10T13:53:00","slug":"produkte","status":"publish","type":"page","link":"http:\/\/plastikeimer.packstar.ch\/de\/produkte\/","title":{"rendered":"Produkte"},"content":{"rendered":"\t\t<div data-elementor-type=\"wp-post\" data-elementor-id=\"16\" class=\"elementor elementor-16\" data-elementor-settings=\"[]\">\n\t\t\t\t\t\t<div class=\"elementor-inner\">\n\t\t\t\t\t\t\t<div class=\"elementor-section-wrap\">\n\t\t\t\t\t\t\t<section class=\"elementor-section elementor-top-section elementor-element elementor-element-dfb63e3 elementor-section-boxed elementor-section-height-default elementor-section-height-default\" data-id=\"dfb63e3\" data-element_type=\"section\">\n\t\t\t\t\t\t<div class=\"elementor-container elementor-column-gap-default\">\n\t\t\t\t\t\t\t<div class=\"elementor-row\">\n\t\t\t\t\t<div class=\"elementor-column elementor-col-100 elementor-top-column elementor-element elementor-element-64e0a37\" data-id=\"64e0a37\" data-element_type=\"column\">\n\t\t\t<div class=\"elementor-column-wrap elementor-element-populated\">\n\t\t\t\t\t\t\t<div class=\"elementor-widget-wrap\">\n\t\t\t\t\t\t<div class=\"elementor-element elementor-element-5a4ffbc elementor-widget elementor-widget-heading\" data-id=\"5a4ffbc\" data-element_type=\"widget\" data-widget_type=\"heading.default\">\n\t\t\t\t<div class=\"elementor-widget-container\">\n\t\t\t<h1 class=\"elementor-heading-title elementor-size-default\">Produkte und Werk-Vertretungen:<\/h1>\t\t<\/div>\n\t\t\t\t<\/div>\n\t\t\t\t<section class=\"elementor-section elementor-inner-section elementor-element elementor-element-66e4be9 elementor-section-full_width elementor-section-height-default elementor-section-height-default\" data-id=\"66e4be9\" data-element_type=\"section\">\n\t\t\t\t\t\t<div class=\"elementor-container elementor-column-gap-default\">\n\t\t\t\t\t\t\t<div class=\"elementor-row\">\n\t\t\t\t\t<div class=\"elementor-column elementor-col-33 elementor-inner-column elementor-element elementor-element-cd374ab\" data-id=\"cd374ab\" data-element_type=\"column\">\n\t\t\t<div class=\"elementor-column-wrap elementor-element-populated\">\n\t\t\t\t\t\t\t<div class=\"elementor-widget-wrap\">\n\t\t\t\t\t\t<div class=\"elementor-element elementor-element-f7009c9 elementor-cta--layout-image-right elementor-cta--skin-classic elementor-animated-content elementor-bg-transform elementor-bg-transform-zoom-in elementor-widget elementor-widget-call-to-action\" data-id=\"f7009c9\" data-element_type=\"widget\" data-widget_type=\"call-to-action.default\">\n\t\t\t\t<div class=\"elementor-widget-container\">\n\t\t\t\t\t<a href=\"https:\/\/www.packstar.ch\/Eimer\/\" target=\"_blank\" class=\"elementor-cta\">\n\t\t\t\t\t<div class=\"elementor-cta__bg-wrapper\">\n\t\t\t\t<div class=\"elementor-cta__bg elementor-bg\" style=\"background-image: url(http:\/\/plastikeimer.packstar.ch\/wp-content\/uploads\/Jokey_Kachel-1024x528.jpg);\"><\/div>\n\t\t\t\t<div class=\"elementor-cta__bg-overlay\"><\/div>\n\t\t\t<\/div>\n\t\t\t\t\t\t\t<div class=\"elementor-cta__content\">\n\t\t\t\t\n\t\t\t\t\t\t\t\t\t<h2 class=\"elementor-cta__title elementor-cta__content-item elementor-content-item\">\n\t\t\t\t\t\tJokey Plastik SE\t\t\t\t\t<\/h2>\n\t\t\t\t\n\t\t\t\t\n\t\t\t\t\t\t\t<\/div>\n\t\t\t\t\t\t<\/a>\n\t\t\t\t<\/div>\n\t\t\t\t<\/div>\n\t\t\t\t\t\t<\/div>\n\t\t\t\t\t<\/div>\n\t\t<\/div>\n\t\t\t\t<div class=\"elementor-column elementor-col-33 elementor-inner-column elementor-element elementor-element-4f32499\" data-id=\"4f32499\" data-element_type=\"column\">\n\t\t\t<div class=\"elementor-column-wrap elementor-element-populated\">\n\t\t\t\t\t\t\t<div class=\"elementor-widget-wrap\">\n\t\t\t\t\t\t<div class=\"elementor-element elementor-element-039fb5a elementor-cta--layout-image-right elementor-cta--skin-classic elementor-animated-content elementor-bg-transform elementor-bg-transform-zoom-in elementor-widget elementor-widget-call-to-action\" data-id=\"039fb5a\" data-element_type=\"widget\" data-widget_type=\"call-to-action.default\">\n\t\t\t\t<div class=\"elementor-widget-container\">\n\t\t\t\t\t<a href=\"https:\/\/www.packstar.ch\/Kunststoffkanister--Kanister\/\" target=\"_blank\" class=\"elementor-cta\">\n\t\t\t\t\t<div class=\"elementor-cta__bg-wrapper\">\n\t\t\t\t<div class=\"elementor-cta__bg elementor-bg\" style=\"background-image: url(http:\/\/plastikeimer.packstar.ch\/wp-content\/uploads\/Gruppe_Kanister.jpg);\"><\/div>\n\t\t\t\t<div class=\"elementor-cta__bg-overlay\"><\/div>\n\t\t\t<\/div>\n\t\t\t\t\t\t\t<div class=\"elementor-cta__content\">\n\t\t\t\t\n\t\t\t\t\t\t\t\t\t<h2 class=\"elementor-cta__title elementor-cta__content-item elementor-content-item\">\n\t\t\t\t\t\tAST Kunststoffverarbeitung GmbH\t\t\t\t\t<\/h2>\n\t\t\t\t\n\t\t\t\t\n\t\t\t\t\t\t\t<\/div>\n\t\t\t\t\t\t<\/a>\n\t\t\t\t<\/div>\n\t\t\t\t<\/div>\n\t\t\t\t\t\t<\/div>\n\t\t\t\t\t<\/div>\n\t\t<\/div>\n\t\t\t\t<div class=\"elementor-column elementor-col-33 elementor-inner-column elementor-element elementor-element-4ff285c\" data-id=\"4ff285c\" data-element_type=\"column\">\n\t\t\t<div class=\"elementor-column-wrap elementor-element-populated\">\n\t\t\t\t\t\t\t<div class=\"elementor-widget-wrap\">\n\t\t\t\t\t\t<div class=\"elementor-element elementor-element-47c6841 elementor-cta--layout-image-right elementor-cta--skin-classic elementor-animated-content elementor-bg-transform elementor-bg-transform-zoom-in elementor-widget elementor-widget-call-to-action\" data-id=\"47c6841\" data-element_type=\"widget\" data-widget_type=\"call-to-action.default\">\n\t\t\t\t<div class=\"elementor-widget-container\">\n\t\t\t\t\t<a href=\"https:\/\/www.packstar.ch\/aluminium-flaschen\/\" target=\"_blank\" class=\"elementor-cta\">\n\t\t\t\t\t<div class=\"elementor-cta__bg-wrapper\">\n\t\t\t\t<div class=\"elementor-cta__bg elementor-bg\" style=\"background-image: url(http:\/\/plastikeimer.packstar.ch\/wp-content\/uploads\/gamme-parfumerie-bd.jpg);\"><\/div>\n\t\t\t\t<div class=\"elementor-cta__bg-overlay\"><\/div>\n\t\t\t<\/div>\n\t\t\t\t\t\t\t<div class=\"elementor-cta__content\">\n\t\t\t\t\n\t\t\t\t\t\t\t\t\t<h2 class=\"elementor-cta__title elementor-cta__content-item elementor-content-item\">\n\t\t\t\t\t\tTournaire SA\t\t\t\t\t<\/h2>\n\t\t\t\t\n\t\t\t\t\n\t\t\t\t\t\t\t<\/div>\n\t\t\t\t\t\t<\/a>\n\t\t\t\t<\/div>\n\t\t\t\t<\/div>\n\t\t\t\t\t\t<\/div>\n\t\t\t\t\t<\/div>\n\t\t<\/div>\n\t\t\t\t\t\t\t\t<\/div>\n\t\t\t\t\t<\/div>\n\t\t<\/section>\n\t\t\t\t<div class=\"elementor-element elementor-element-cbe68d5 elementor-widget elementor-widget-heading\" data-id=\"cbe68d5\" data-element_type=\"widget\" data-widget_type=\"heading.default\">\n\t\t\t\t<div class=\"elementor-widget-container\">\n\t\t\t<h2 class=\"elementor-heading-title elementor-size-default\">Unser Service<\/h2>\t\t<\/div>\n\t\t\t\t<\/div>\n\t\t\t\t<div class=\"elementor-element elementor-element-fe392da elementor-icon-list--layout-traditional elementor-list-item-link-full_width elementor-widget elementor-widget-icon-list\" data-id=\"fe392da\" data-element_type=\"widget\" data-widget_type=\"icon-list.default\">\n\t\t\t\t<div class=\"elementor-widget-container\">\n\t\t\t\t\t<ul class=\"elementor-icon-list-items\">\n\t\t\t\t\t\t\t<li class=\"elementor-icon-list-item\">\n\t\t\t\t\t\t\t\t\t\t\t<span class=\"elementor-icon-list-icon\">\n\t\t\t\t\t\t\t<i aria-hidden=\"true\" class=\"far fa-check-circle\"><\/i>\t\t\t\t\t\t<\/span>\n\t\t\t\t\t\t\t\t\t\t<span class=\"elementor-icon-list-text\">Eimer, Dosen, Schalen, Kanister, F\u00e4sser sowie Aluminiumflaschen von den Marktf\u00fchrern in Europa<\/span>\n\t\t\t\t\t\t\t\t\t<\/li>\n\t\t\t\t\t\t\t\t<li class=\"elementor-icon-list-item\">\n\t\t\t\t\t\t\t\t\t\t\t<span class=\"elementor-icon-list-icon\">\n\t\t\t\t\t\t\t<i aria-hidden=\"true\" class=\"far fa-check-circle\"><\/i>\t\t\t\t\t\t<\/span>\n\t\t\t\t\t\t\t\t\t\t<span class=\"elementor-icon-list-text\">Lieferungen ab 1 St\u00fcck innert 24h<\/span>\n\t\t\t\t\t\t\t\t\t<\/li>\n\t\t\t\t\t\t\t\t<li class=\"elementor-icon-list-item\">\n\t\t\t\t\t\t\t\t\t\t\t<span class=\"elementor-icon-list-icon\">\n\t\t\t\t\t\t\t<i aria-hidden=\"true\" class=\"far fa-check-circle\"><\/i>\t\t\t\t\t\t<\/span>\n\t\t\t\t\t\t\t\t\t\t<span class=\"elementor-icon-list-text\">Grossmengen zu Werkkonditionen ab Hersteller<\/span>\n\t\t\t\t\t\t\t\t\t<\/li>\n\t\t\t\t\t\t\t\t<li class=\"elementor-icon-list-item\">\n\t\t\t\t\t\t\t\t\t\t\t<span class=\"elementor-icon-list-icon\">\n\t\t\t\t\t\t\t<i aria-hidden=\"true\" class=\"far fa-check-circle\"><\/i>\t\t\t\t\t\t<\/span>\n\t\t\t\t\t\t\t\t\t\t<span class=\"elementor-icon-list-text\">Druckservice: S\u00e4mtliche Verpackungen auch mit Druckbild m\u00f6glich<\/span>\n\t\t\t\t\t\t\t\t\t<\/li>\n\t\t\t\t\t\t\t\t<li class=\"elementor-icon-list-item\">\n\t\t\t\t\t\t\t\t\t\t\t<span class=\"elementor-icon-list-icon\">\n\t\t\t\t\t\t\t<i aria-hidden=\"true\" class=\"far fa-check-circle\"><\/i>\t\t\t\t\t\t<\/span>\n\t\t\t\t\t\t\t\t\t\t<span class=\"elementor-icon-list-text\">Beratung und Projektbetreuung im Bereich Verpackungen<\/span>\n\t\t\t\t\t\t\t\t\t<\/li>\n\t\t\t\t\t\t<\/ul>\n\t\t\t\t<\/div>\n\t\t\t\t<\/div>\n\t\t\t\t\t\t<\/div>\n\t\t\t\t\t<\/div>\n\t\t<\/div>\n\t\t\t\t\t\t\t\t<\/div>\n\t\t\t\t\t<\/div>\n\t\t<\/section>\n\t\t\t\t\t\t<\/div>\n\t\t\t\t\t\t<\/div>\n\t\t\t\t\t<\/div>\n\t\t","protected":false},"excerpt":{"rendered":"<p>Produkte und Werk-Vertretungen: Jokey Plastik SE AST Kunststoffverarbeitung GmbH Tournaire SA Unser Service Eimer, Dosen, Schalen, Kanister, F\u00e4sser sowie Aluminiumflaschen von den Marktf\u00fchrern in Europa Lieferungen ab 1 St\u00fcck innert 24h Grossmengen zu Werkkonditionen ab Hersteller Druckservice: S\u00e4mtliche Verpackungen auch mit Druckbild m\u00f6glich Beratung und Projektbetreuung im Bereich Verpackungen<\/p>\n","protected":false},"author":1,"featured_media":0,"parent":0,"menu_order":0,"comment_status":"closed","ping_status":"closed","template":"","meta":[],"yoast_head":"<!-- This site is optimized with the Yoast SEO plugin v18.1 - https:\/\/yoast.com\/wordpress\/plugins\/seo\/ -->\n<title>Produkte - packstar.ch - Verpackungen von Packstar<\/title>\n<meta name=\"robots\" content=\"index, follow, max-snippet:-1, max-image-preview:large, max-video-preview:-1\" \/>\n<link rel=\"canonical\" href=\"http:\/\/plastikeimer.packstar.ch\/de\/produkte\/\" \/>\n<meta property=\"og:locale\" content=\"de_DE\" \/>\n<meta property=\"og:type\" content=\"article\" \/>\n<meta property=\"og:title\" content=\"Produkte - packstar.ch - Verpackungen von Packstar\" \/>\n<meta property=\"og:description\" content=\"Produkte und Werk-Vertretungen: Jokey Plastik SE AST Kunststoffverarbeitung GmbH Tournaire SA Unser Service Eimer, Dosen, Schalen, Kanister, F\u00e4sser sowie Aluminiumflaschen von den Marktf\u00fchrern in Europa Lieferungen ab 1 St\u00fcck innert 24h Grossmengen zu Werkkonditionen ab Hersteller Druckservice: S\u00e4mtliche Verpackungen auch mit Druckbild m\u00f6glich Beratung und Projektbetreuung im Bereich Verpackungen\" \/>\n<meta property=\"og:url\" content=\"http:\/\/plastikeimer.packstar.ch\/de\/produkte\/\" \/>\n<meta property=\"og:site_name\" content=\"packstar.ch - Verpackungen von Packstar\" \/>\n<meta property=\"article:modified_time\" content=\"2020-03-10T13:53:00+00:00\" \/>\n<meta name=\"twitter:card\" content=\"summary_large_image\" \/>\n<script type=\"application\/ld+json\" class=\"yoast-schema-graph\">{\"@context\":\"https:\/\/schema.org\",\"@graph\":[{\"@type\":\"WebSite\",\"@id\":\"http:\/\/plastikeimer.packstar.ch\/de\/#website\",\"url\":\"http:\/\/plastikeimer.packstar.ch\/de\/\",\"name\":\"packstar.ch - Verpackungen von Packstar\",\"description\":\"\",\"potentialAction\":[{\"@type\":\"SearchAction\",\"target\":{\"@type\":\"EntryPoint\",\"urlTemplate\":\"http:\/\/plastikeimer.packstar.ch\/de\/?s={search_term_string}\"},\"query-input\":\"required name=search_term_string\"}],\"inLanguage\":\"de\"},{\"@type\":\"WebPage\",\"@id\":\"http:\/\/plastikeimer.packstar.ch\/de\/produkte\/#webpage\",\"url\":\"http:\/\/plastikeimer.packstar.ch\/de\/produkte\/\",\"name\":\"Produkte - packstar.ch - Verpackungen von Packstar\",\"isPartOf\":{\"@id\":\"http:\/\/plastikeimer.packstar.ch\/de\/#website\"},\"datePublished\":\"2019-04-01T13:34:49+00:00\",\"dateModified\":\"2020-03-10T13:53:00+00:00\",\"breadcrumb\":{\"@id\":\"http:\/\/plastikeimer.packstar.ch\/de\/produkte\/#breadcrumb\"},\"inLanguage\":\"de\",\"potentialAction\":[{\"@type\":\"ReadAction\",\"target\":[\"http:\/\/plastikeimer.packstar.ch\/de\/produkte\/\"]}]},{\"@type\":\"BreadcrumbList\",\"@id\":\"http:\/\/plastikeimer.packstar.ch\/de\/produkte\/#breadcrumb\",\"itemListElement\":[{\"@type\":\"ListItem\",\"position\":1,\"name\":\"Home\",\"item\":\"http:\/\/plastikeimer.packstar.ch\/de\/\"},{\"@type\":\"ListItem\",\"position\":2,\"name\":\"Produkte\"}]}]}<\/script>\n<!-- \/ Yoast SEO plugin. -->","yoast_head_json":{"title":"Produkte - packstar.ch - Verpackungen von Packstar","robots":{"index":"index","follow":"follow","max-snippet":"max-snippet:-1","max-image-preview":"max-image-preview:large","max-video-preview":"max-video-preview:-1"},"canonical":"http:\/\/plastikeimer.packstar.ch\/de\/produkte\/","og_locale":"de_DE","og_type":"article","og_title":"Produkte - packstar.ch - Verpackungen von Packstar","og_description":"Produkte und Werk-Vertretungen: Jokey Plastik SE AST Kunststoffverarbeitung GmbH Tournaire SA Unser Service Eimer, Dosen, Schalen, Kanister, F\u00e4sser sowie Aluminiumflaschen von den Marktf\u00fchrern in Europa Lieferungen ab 1 St\u00fcck innert 24h Grossmengen zu Werkkonditionen ab Hersteller Druckservice: S\u00e4mtliche Verpackungen auch mit Druckbild m\u00f6glich Beratung und Projektbetreuung im Bereich Verpackungen","og_url":"http:\/\/plastikeimer.packstar.ch\/de\/produkte\/","og_site_name":"packstar.ch - Verpackungen von Packstar","article_modified_time":"2020-03-10T13:53:00+00:00","twitter_card":"summary_large_image","schema":{"@context":"https:\/\/schema.org","@graph":[{"@type":"WebSite","@id":"http:\/\/plastikeimer.packstar.ch\/de\/#website","url":"http:\/\/plastikeimer.packstar.ch\/de\/","name":"packstar.ch - Verpackungen von Packstar","description":"","potentialAction":[{"@type":"SearchAction","target":{"@type":"EntryPoint","urlTemplate":"http:\/\/plastikeimer.packstar.ch\/de\/?s={search_term_string}"},"query-input":"required name=search_term_string"}],"inLanguage":"de"},{"@type":"WebPage","@id":"http:\/\/plastikeimer.packstar.ch\/de\/produkte\/#webpage","url":"http:\/\/plastikeimer.packstar.ch\/de\/produkte\/","name":"Produkte - packstar.ch - Verpackungen von Packstar","isPartOf":{"@id":"http:\/\/plastikeimer.packstar.ch\/de\/#website"},"datePublished":"2019-04-01T13:34:49+00:00","dateModified":"2020-03-10T13:53:00+00:00","breadcrumb":{"@id":"http:\/\/plastikeimer.packstar.ch\/de\/produkte\/#breadcrumb"},"inLanguage":"de","potentialAction":[{"@type":"ReadAction","target":["http:\/\/plastikeimer.packstar.ch\/de\/produkte\/"]}]},{"@type":"BreadcrumbList","@id":"http:\/\/plastikeimer.packstar.ch\/de\/produkte\/#breadcrumb","itemListElement":[{"@type":"ListItem","position":1,"name":"Home","item":"http:\/\/plastikeimer.packstar.ch\/de\/"},{"@type":"ListItem","position":2,"name":"Produkte"}]}]}},"_links":{"self":[{"href":"http:\/\/plastikeimer.packstar.ch\/de\/wp-json\/wp\/v2\/pages\/16"}],"collection":[{"href":"http:\/\/plastikeimer.packstar.ch\/de\/wp-json\/wp\/v2\/pages"}],"about":[{"href":"http:\/\/plastikeimer.packstar.ch\/de\/wp-json\/wp\/v2\/types\/page"}],"author":[{"embeddable":true,"href":"http:\/\/plastikeimer.packstar.ch\/de\/wp-json\/wp\/v2\/users\/1"}],"replies":[{"embeddable":true,"href":"http:\/\/plastikeimer.packstar.ch\/de\/wp-json\/wp\/v2\/comments?post=16"}],"version-history":[{"count":16,"href":"http:\/\/plastikeimer.packstar.ch\/de\/wp-json\/wp\/v2\/pages\/16\/revisions"}],"predecessor-version":[{"id":333,"href":"http:\/\/plastikeimer.packstar.ch\/de\/wp-json\/wp\/v2\/pages\/16\/revisions\/333"}],"wp:attachment":[{"href":"http:\/\/plastikeimer.packstar.ch\/de\/wp-json\/wp\/v2\/media?parent=16"}],"curies":[{"name":"wp","href":"https:\/\/api.w.org\/{rel}","templated":true}]}}